{"id":1016,"date":"2021-05-17T18:14:18","date_gmt":"2021-05-17T18:14:18","guid":{"rendered":"https:\/\/excellence.net.br\/site\/?page_id=1016"},"modified":"2021-08-26T17:55:07","modified_gmt":"2021-08-26T17:55:07","slug":"termos-e-condicoes-de-uso","status":"publish","type":"page","link":"https:\/\/excellence.net.br\/site\/termos-e-condicoes-de-uso\/","title":{"rendered":"Termos e Condi\u00e7\u00f5es de Uso"},"content":{"rendered":"<h2>Termos e Condi\u00e7\u00f5es de Uso<\/h2>\n<p>N\u00f3s da Excellence prezamos pela transpar\u00eancia e objetividade com nossos visitantes e usu\u00e1rios, por isso criamos um espa\u00e7o com <strong>Termos e Condi\u00e7\u00f5es de Uso<\/strong> que tem como principal objetivo comunicar e direcionar toda a navegabilidade e tratamento de dados dentro do nosso ambiente digital. Neste documento voc\u00ea vai encontrar um detalhamento de todos os direitos e responsabilidades que adotamos com rela\u00e7\u00e3o ao site e as informa\u00e7\u00f5es compartilhadas aqui, bem como os direitos e responsabilidades dos visitantes que utilizam o nosso site.<\/p>\n<p><strong>ACEITA\u00c7\u00c3O DOS TERMOS<\/strong><\/p>\n<p>O acesso a este site est\u00e1 sujeito aos termos e as condi\u00e7\u00f5es esclarecidas nesta p\u00e1gina. <strong>Ao continuar a sua navega\u00e7\u00e3o dentro deste website e p\u00e1ginas afiliadas voc\u00ea estar\u00e1 aceitando as pol\u00edticas e pr\u00e1ticas descritas.<\/strong><\/p>\n<p>Ao clicar nos bot\u00f5es \u201cI accept\/Eu aceito\u201d, \u201cI agree\/Eu concordo\u201d ou em bot\u00f5es\/checkboxes\/funcionalidades de car\u00e1ter similar em rela\u00e7\u00e3o a um termo de privacidade,<strong> voc\u00ea nos concede a permiss\u00e3o para processar seus dados pessoais \u2013 somente nos pa\u00edses em que tal consentimento \u00e9 exigido por lei.<\/strong><\/p>\n<p><strong>\u00a0<\/strong><strong>CONTE\u00daDOS E LICEN\u00c7AS<\/strong><\/p>\n<p>Todos os conte\u00fados, incluindo textos, imagens e demais arquivos \u00e0 disposi\u00e7\u00e3o neste site s\u00e3o de propriedade da Excellence e devem ter autoriza\u00e7\u00e3o pr\u00e9via da empresa para serem copiados, reproduzidos, republicados, postados, transmitidos ou distribu\u00eddos.<\/p>\n<p>Essas informa\u00e7\u00f5es s\u00e3o de car\u00e1ter puramente informativo e n\u00e3o devem ser interpretadas como licen\u00e7as, ofertas ou relacionamento consultivo, fiduci\u00e1rio ou profissional. Nenhum dado aplicado neste site dever\u00e1 substituir a sua investiga\u00e7\u00e3o independente.<\/p>\n<p>Todas as marcas apresentadas ou referidas neste site s\u00e3o propriedade de seus leg\u00edtimos donos, exigem autoriza\u00e7\u00e3o dos mesmos para utiliza\u00e7\u00e3o e nenhum conte\u00fado reproduzido aqui deve ser interpretado como concess\u00e3o de qualquer marca registrada, patente ou direito \u00e0 copyright.<\/p>\n<p><strong>ENTENDA OS NOSSOS DIREITOS E RESPONSABILIDADES <\/strong><\/p>\n<p>Temos como responsabilidade legal aplicar todas as <strong><u>Pol\u00edticas de Privacidade<\/u><\/strong> de dados e seguimos todas as orienta\u00e7\u00f5es t\u00e9cnicas e administrativas com o intuito de proteger todas as informa\u00e7\u00f5es fornecidas por voc\u00ea aqui. Asseguramos a prote\u00e7\u00e3o dos seus dados contra qualquer uso n\u00e3o autorizado ou il\u00edcito e contra perda acidental, divulga\u00e7\u00e3o ou altera\u00e7\u00f5es il\u00edcitas.<\/p>\n<p>\u00c9 nossa responsabilidade garantir que os usu\u00e1rios recebam informa\u00e7\u00f5es claras e completas, sempre que formalmente solicitado, sobre dados pessoais eventualmente coletados e\/ou processados pela Excellence.<\/p>\n<p><strong>ENTENDA OS SEUS DIREITOS E RESPONSABILIDADES <\/strong><\/p>\n<p>Trabalhamos para fornecer conte\u00fados confi\u00e1veis e de qualidade, por\u00e9m n\u00e3o nos responsabilizamos por qualquer resultado obtido por voc\u00ea a partir desses materiais. A empresa n\u00e3o ser\u00e1 respons\u00e1vel por danos indiretos, preju\u00edzos, interrup\u00e7\u00f5es de neg\u00f3cios ou perda de dados provenientes de qualquer material contido neste site ou em qualquer site vinculado.<\/p>\n<p>Voc\u00ea est\u00e1 ciente que \u00e9 de sua responsabilidade fornecer informa\u00e7\u00f5es verdadeiras, exatas, atuais e completas quando for realizar seu cadastro ou contato com a Excellence. Lembramos que a indica\u00e7\u00e3o de dados incompletos ou falsos \u00e9 crime tipificado em lei e pode acarretar puni\u00e7\u00f5es severas a quem as fornecer.<\/p>\n<p><strong>LINKS DE TERCEIROS <\/strong><\/p>\n<p>Todos os links de terceiros utilizados e aplicados neste site s\u00e3o de responsabilidade de seus donos e devem responder por sua pr\u00f3pria conta e risco. Todo conte\u00fado publicado ou compartilhado, seja publicamente ou de forma privada, \u00e9 de responsabilidade de seu criador e fornecedor. Diante disso, a Excellence n\u00e3o assevera a confiabilidade, integridade ou precis\u00e3o de seu conte\u00fado. \u00a0<\/p>\n<p><strong>USO DE INFORMA\u00c7\u00d5ES <\/strong><\/p>\n<p>Toda e qualquer informa\u00e7\u00e3o, conte\u00fado ou material enviado para a empresa poder\u00e1 ser utilizado, copiado, executado, exibido ou modificado, incluindo as ideias e os conceitos neles contidos. Com exce\u00e7\u00e3o dos dados relacionados \u00e0s <strong><u>Pol\u00edticas de Privacidade, <\/u><\/strong>reservamo-nos o direito de usar tais conte\u00fados da maneira que escolhermos, sem a necessidade de responder por regras de prote\u00e7\u00e3o e confidencialidade.<\/p>\n<p><strong>DISPONIBILIDADE E MUDAN\u00c7AS DO SITE E DOS SERVI\u00c7OS <\/strong><\/p>\n<p>A Excellence reserva o direito de interromper, modificar, alterar ou suspender, sem aviso pr\u00e9vio, os conte\u00fados, servi\u00e7os e solu\u00e7\u00f5es expostos neste site e em seu portf\u00f3lio, n\u00e3o tendo qualquer obriga\u00e7\u00e3o de resultado com rela\u00e7\u00e3o \u00e0 disponibilidade. Tamb\u00e9m reservamo-nos o direito de modificar os Termos e Condi\u00e7\u00f5es de Uso deste site a qualquer momento.<\/p>\n<p><strong>CONTATO<\/strong><\/p>\n<p>Se voc\u00ea tem alguma d\u00favida sobre os <strong>Termos e Condi\u00e7\u00f5es de Uso<\/strong>, ou se deseja alguma informa\u00e7\u00e3o referente ao nosso site e\/ou p\u00e1ginas afiliadas, entre em contato pelo e-mail <a href=\"mailto:marketing@excellence.net.br\" target=\"_blank\" rel=\"noopener\">marketing@excellence.<wbr \/>net.br<\/a> ou pelo telefone (11) 3661-2005<\/p>\n","protected":false},"excerpt":{"rendered":"<p>Termos e Condi\u00e7\u00f5es de Uso N\u00f3s da Excellence prezamos pela transpar\u00eancia e objetividade com nossos visitantes e usu\u00e1rios, por isso criamos um espa\u00e7o com Termos e Condi\u00e7\u00f5es de Uso que tem como principal objetivo comunicar e direcionar toda a navegabilidade e tratamento de dados dentro&#8230;<\/p>\n","protected":false},"author":1,"featured_media":0,"parent":0,"menu_order":0,"comment_status":"closed","ping_status":"closed","template":"elementor_header_footer","meta":{"footnotes":""},"class_list":["post-1016","page","type-page","status-publish","hentry"],"_links":{"self":[{"href":"https:\/\/excellence.net.br\/site\/wp-json\/wp\/v2\/pages\/1016","targetHints":{"allow":["GET"]}}],"collection":[{"href":"https:\/\/excellence.net.br\/site\/wp-json\/wp\/v2\/pages"}],"about":[{"href":"https:\/\/excellence.net.br\/site\/wp-json\/wp\/v2\/types\/page"}],"author":[{"embeddable":true,"href":"https:\/\/excellence.net.br\/site\/wp-json\/wp\/v2\/users\/1"}],"replies":[{"embeddable":true,"href":"https:\/\/excellence.net.br\/site\/wp-json\/wp\/v2\/comments?post=1016"}],"version-history":[{"count":14,"href":"https:\/\/excellence.net.br\/site\/wp-json\/wp\/v2\/pages\/1016\/revisions"}],"predecessor-version":[{"id":1223,"href":"https:\/\/excellence.net.br\/site\/wp-json\/wp\/v2\/pages\/1016\/revisions\/1223"}],"wp:attachment":[{"href":"https:\/\/excellence.net.br\/site\/wp-json\/wp\/v2\/media?parent=1016"}],"curies":[{"name":"wp","href":"https:\/\/api.w.org\/{rel}","templated":true}]}}