{"id":6,"date":"2019-09-18T10:13:24","date_gmt":"2019-09-18T10:13:24","guid":{"rendered":"https:\/\/bridge256.qodeinteractive.com\/?page_id=6"},"modified":"2021-08-24T18:38:37","modified_gmt":"2021-08-24T18:38:37","slug":"home","status":"publish","type":"page","link":"https:\/\/excellence.net.br\/site\/","title":{"rendered":"Home"},"content":{"rendered":"<p>[rev_slider alias=&#8221;home-slider-1&#8243; slidertitle=&#8221;Home Excellence&#8221;][\/rev_slider][rev_slider alias=&#8221;home-excellence-1&#8243; slidertitle=&#8221;Home Excellence Mobile&#8221;][\/rev_slider]<\/p>\n<h2>Transformamos grandes ideias em realidade<\/h2>\n<p>Somos uma empresa especializada em Comunica\u00e7\u00e3o Visual e estamos prontos para dar vida aos seus projetos.<\/p>\n<p>Com equipamentos de \u00faltima gera\u00e7\u00e3o, oferecemos solu\u00e7\u00f5es de impress\u00e3o em todos os formatos, al\u00e9m de uma infraestrutura completa para projetos especiais, atendendo desde o planejamento e cria\u00e7\u00e3o at\u00e9 a instala\u00e7\u00e3o e entrega final.<\/p>\n<p>\t\t\t\t\t\t\t\t\t\t\t\t\t\t\t<img decoding=\"async\" width=\"558\" height=\"404\" src=\"https:\/\/excellence.net.br\/site\/wp-content\/uploads\/2021\/05\/Foto_sessao1.png\" alt=\"\" loading=\"lazy\" srcset=\"https:\/\/excellence.net.br\/site\/wp-content\/uploads\/2021\/05\/Foto_sessao1.png 558w, https:\/\/excellence.net.br\/site\/wp-content\/uploads\/2021\/05\/Foto_sessao1-300x217.png 300w\" sizes=\"auto, (max-width: 558px) 100vw, 558px\" \/>\t\t\t\t\t\t\t\t\t\t\t\t\t\t\t<\/p>\n<ul style=\"border-color: #E30613;\">\n<li><img decoding=\"async\" itemprop=\"image\" src=\"https:\/\/excellence.net.br\/site\/wp-content\/uploads\/2021\/05\/Icone1_sessao2.png\" alt=\"\" \/><br \/>\n<h5 style=\"\">+ de 10 anos<br \/>de mercado<\/h5>\n<\/li>\n<li><img decoding=\"async\" itemprop=\"image\" src=\"https:\/\/excellence.net.br\/site\/wp-content\/uploads\/2021\/05\/Icone2_sessao2.png\" alt=\"\" \/><br \/>\n<h5 style=\"\">+ de 30 clientes<br \/>atendidos<\/h5>\n<\/li>\n<li><img decoding=\"async\" itemprop=\"image\" src=\"https:\/\/excellence.net.br\/site\/wp-content\/uploads\/2021\/05\/Icone3_sessao2.png\" alt=\"\" \/><br \/>\n<h5 style=\"\">+ de 35<br \/>colaboradores<br \/>em nosso time<\/h5>\n<\/li>\n<li><img decoding=\"async\" itemprop=\"image\" src=\"https:\/\/excellence.net.br\/site\/wp-content\/uploads\/2021\/05\/Icone4_sessao2.png\" alt=\"\" \/><br \/>\n<h5 style=\"\">+ de 2 mil m<sup>2<\/sup><br \/>de \u00e1rea para<br \/> produ\u00e7\u00e3o<\/h5>\n<\/li>\n<\/ul>\n<h2>Conhe\u00e7a nosso Portf\u00f3lio<\/h2>\n<p>\t\t\t\t\t\t\t\t\t\t\t<a itemprop=\"image\" href=\"https:\/\/excellence.net.br\/site\/wp-content\/uploads\/2019\/09\/single-img-3.jpg\" data-rel=\"prettyPhoto[image_gallery_pretty_photo-279]\" title=\"single-img-3\"><br \/>\n\t\t\t\t\t\t\t\t\t\t\t<img decoding=\"async\" width=\"800\" height=\"587\" src=\"https:\/\/excellence.net.br\/site\/wp-content\/uploads\/2019\/09\/single-img-3.jpg\" alt=\"m\" loading=\"lazy\" srcset=\"https:\/\/excellence.net.br\/site\/wp-content\/uploads\/2019\/09\/single-img-3.jpg 800w, https:\/\/excellence.net.br\/site\/wp-content\/uploads\/2019\/09\/single-img-3-300x220.jpg 300w, https:\/\/excellence.net.br\/site\/wp-content\/uploads\/2019\/09\/single-img-3-768x564.jpg 768w, https:\/\/excellence.net.br\/site\/wp-content\/uploads\/2019\/09\/single-img-3-700x514.jpg 700w\" sizes=\"auto, (max-width: 800px) 100vw, 800px\" \/><br \/>\n\t\t\t\t\t\t\t\t\t\t\t<\/a><br \/>\n\t\t\t\t\t\t\t\t\t\t\t<a itemprop=\"image\" href=\"https:\/\/excellence.net.br\/site\/wp-content\/uploads\/2019\/09\/single-img-4.jpg\" data-rel=\"prettyPhoto[image_gallery_pretty_photo-279]\" title=\"single-img-4\"><br \/>\n\t\t\t\t\t\t\t\t\t\t\t<img decoding=\"async\" width=\"800\" height=\"587\" src=\"https:\/\/excellence.net.br\/site\/wp-content\/uploads\/2019\/09\/single-img-4.jpg\" alt=\"m\" loading=\"lazy\" srcset=\"https:\/\/excellence.net.br\/site\/wp-content\/uploads\/2019\/09\/single-img-4.jpg 800w, https:\/\/excellence.net.br\/site\/wp-content\/uploads\/2019\/09\/single-img-4-300x220.jpg 300w, https:\/\/excellence.net.br\/site\/wp-content\/uploads\/2019\/09\/single-img-4-768x564.jpg 768w, https:\/\/excellence.net.br\/site\/wp-content\/uploads\/2019\/09\/single-img-4-700x514.jpg 700w\" sizes=\"auto, (max-width: 800px) 100vw, 800px\" \/><br \/>\n\t\t\t\t\t\t\t\t\t\t\t<\/a><br \/>\n\t\t\t\t\t\t\t\t\t\t\t<a itemprop=\"image\" href=\"https:\/\/excellence.net.br\/site\/wp-content\/uploads\/2019\/09\/single-img-5.jpg\" data-rel=\"prettyPhoto[image_gallery_pretty_photo-279]\" title=\"single-img-5\"><br \/>\n\t\t\t\t\t\t\t\t\t\t\t<img decoding=\"async\" width=\"800\" height=\"587\" src=\"https:\/\/excellence.net.br\/site\/wp-content\/uploads\/2019\/09\/single-img-5.jpg\" alt=\"m\" loading=\"lazy\" srcset=\"https:\/\/excellence.net.br\/site\/wp-content\/uploads\/2019\/09\/single-img-5.jpg 800w, https:\/\/excellence.net.br\/site\/wp-content\/uploads\/2019\/09\/single-img-5-300x220.jpg 300w, https:\/\/excellence.net.br\/site\/wp-content\/uploads\/2019\/09\/single-img-5-768x564.jpg 768w, https:\/\/excellence.net.br\/site\/wp-content\/uploads\/2019\/09\/single-img-5-700x514.jpg 700w\" sizes=\"auto, (max-width: 800px) 100vw, 800px\" \/><br \/>\n\t\t\t\t\t\t\t\t\t\t\t<\/a><br \/>\n\t\t\t<a itemprop=\"url\" href=\"https:\/\/excellence.net.br\/site\/portfolio\/\" target=\"_self\" style=\"border-radius: 0px;-moz-border-radius: 0px;-webkit-border-radius: 0px; \" rel=\"noopener\">Veja outros projetos<\/a><br \/>\n\t\t\t\t\t\t\t\t\t\t\t\t\t\t\t<img decoding=\"async\" width=\"96\" height=\"26\" src=\"https:\/\/excellence.net.br\/site\/wp-content\/uploads\/2021\/05\/Bolinhas_FUNDO_ESCURO.png\" alt=\"\" loading=\"lazy\" \/>\t\t\t\t\t\t\t\t\t\t\t\t\t\t\t<\/p>\n<h2><strong>Compromisso com a excel\u00eancia,<\/strong><\/h2>\n<h2><strong>em cada detalhe&#8230;<\/strong><\/h2>\n<h3>Aqui voc\u00ea encontra atendimento personalizado, tecnologia de ponta e espa\u00e7os pensados para cuidar de todas as etapas do seu projeto.<\/h3>\n<p>\t\t\t\t\t\t\t\t\t\t\t\t\t\t\t<img decoding=\"async\" width=\"218\" height=\"231\" src=\"https:\/\/excellence.net.br\/site\/wp-content\/uploads\/2021\/05\/Icone1_sessao5.png\" alt=\"\" loading=\"lazy\" \/>\t\t\t\t\t\t\t\t\t\t\t\t\t\t\t<\/p>\n<h5 style=\"text-align: center;\">Oc\u00e9 Canon Arizona 6170XTS<\/h5>\n<p style=\"text-align: center;\">Impress\u00e3o digital com<br \/>tinta cur\u00e1vel<\/p>\n<p>\t\t\t\t\t\t\t\t\t\t\t\t\t\t\t<img decoding=\"async\" width=\"206\" height=\"231\" src=\"https:\/\/excellence.net.br\/site\/wp-content\/uploads\/2021\/05\/Icone2_sessao5.png\" alt=\"\" loading=\"lazy\" \/>\t\t\t\t\t\t\t\t\t\t\t\t\t\t\t<\/p>\n<h5 style=\"text-align: center;\">Epson Sure Color F7200\u00a0<\/h5>\n<p style=\"text-align: center;\">Impress\u00e3o digital com<br \/>tinta sublim\u00e1tica<\/p>\n<p>\t\t\t\t\t\t\t\t\t\t\t\t\t\t\t<img decoding=\"async\" width=\"207\" height=\"231\" src=\"https:\/\/excellence.net.br\/site\/wp-content\/uploads\/2021\/05\/Icone3_sessao5.png\" alt=\"\" loading=\"lazy\" \/>\t\t\t\t\t\t\t\t\t\t\t\t\t\t\t<\/p>\n<h5 style=\"text-align: center;\">HP L\u00e1tex 570<\/h5>\n<p style=\"text-align: center;\">Impress\u00e3o digital com tinta<br \/>l\u00e1tex a base de \u00e1gua<\/p>\n<p>\t\t\t\t\t\t\t\t\t\t\t\t\t\t\t<img decoding=\"async\" width=\"208\" height=\"226\" src=\"https:\/\/excellence.net.br\/site\/wp-content\/uploads\/2021\/05\/Icone4_sessao5.png\" alt=\"\" loading=\"lazy\" \/>\t\t\t\t\t\t\t\t\t\t\t\t\t\t\t<\/p>\n<h5 style=\"text-align: center;\">Calandra T\u00e9rmica Igua\u00e7u Y1800<\/h5>\n<p style=\"text-align: center;\">Transfer\u00eancia do papel para tecidos<\/p>\n<p>\t\t\t\t\t\t\t\t\t\t\t\t\t\t\t<img decoding=\"async\" width=\"203\" height=\"226\" src=\"https:\/\/excellence.net.br\/site\/wp-content\/uploads\/2021\/05\/Icone5_sessao5.png\" alt=\"\" loading=\"lazy\" \/>\t\t\t\t\t\t\t\t\t\t\t\t\t\t\t<\/p>\n<h5 style=\"text-align: center;\">Laser Senfeg SF 1610<\/h5>\n<p style=\"text-align: center;\">Corte a laser<\/p>\n<p>\t\t\t\t\t\t\t\t\t\t\t\t\t\t\t<img decoding=\"async\" width=\"204\" height=\"225\" src=\"https:\/\/excellence.net.br\/site\/wp-content\/uploads\/2021\/05\/Icone6_sessao5.png\" alt=\"\" loading=\"lazy\" \/>\t\t\t\t\t\t\t\t\t\t\t\t\t\t\t<\/p>\n<h5 style=\"text-align: center;\">Router Rizon CNC<\/h5>\n<p style=\"text-align: center;\">Corte de materiais r\u00edgidos<\/p>\n<table>\n<tbody>\n<tr>\n<td><img loading=\"lazy\" decoding=\"async\" src=\"https:\/\/excellence.net.br\/site\/wp-content\/uploads\/2021\/05\/Site-Excellence-HOME_51.png\" alt=\"\" width=\"130\" height=\"135\" \/><\/td>\n<td>\n<h4>Marcenaria<\/h4>\n<\/td>\n<\/tr>\n<\/tbody>\n<\/table>\n<table>\n<tbody>\n<tr>\n<td><img loading=\"lazy\" decoding=\"async\" src=\"https:\/\/excellence.net.br\/site\/wp-content\/uploads\/2021\/05\/Site-Excellence-HOME_53.png\" alt=\"\" width=\"131\" height=\"135\" \/><\/td>\n<td>\n<h4>Serralheria<\/h4>\n<\/td>\n<\/tr>\n<\/tbody>\n<\/table>\n<table>\n<tbody>\n<tr>\n<td><img loading=\"lazy\" decoding=\"async\" src=\"https:\/\/excellence.net.br\/site\/wp-content\/uploads\/2021\/05\/Site-Excellence-HOME_56.png\" alt=\"\" width=\"130\" height=\"135\" \/><\/td>\n<td>\n<h4>Cabine de Pintura<\/h4>\n<\/td>\n<\/tr>\n<\/tbody>\n<\/table>\n<p>\t\t\t<a itemprop=\"url\" href=\"https:\/\/excellence.net.br\/site\/infraestrutura-e-solucoes\/\" target=\"_self\" style=\"border-radius: 0px;-moz-border-radius: 0px;-webkit-border-radius: 0px; \" rel=\"noopener\">Confira outras possibilidades<\/a>\t\t<\/p>\n<h1 style=\"font-weight: 500;\">Nosso time<\/h1>\n<h1><strong>\u00c9 EXCELLENCE<\/strong><\/h1>\n<p>\t\t\t\t\t\t\t\t\t\t\t\t\t\t\t<img decoding=\"async\" width=\"96\" height=\"26\" src=\"https:\/\/excellence.net.br\/site\/wp-content\/uploads\/2021\/05\/Bolinhas_FUNDO_ESCURO.png\" alt=\"\" loading=\"lazy\" \/>\t\t\t\t\t\t\t\t\t\t\t\t\t\t\t<\/p>\n<h4 style=\"font-weight: 300;\">Contamos com <strong>profissionais qualificados e preparados<\/strong> para atender a diferentes demandas.<\/h4>\n<h2 style=\"text-align: center;\">Solu\u00e7\u00f5es<\/h2>\n<p>\t\t\t\t\t\t\t\t\t\t\t\t\t\t\t<img decoding=\"async\" width=\"301\" height=\"425\" src=\"https:\/\/excellence.net.br\/site\/wp-content\/uploads\/2021\/05\/foto1_sessao8.png\" alt=\"\" loading=\"lazy\" srcset=\"https:\/\/excellence.net.br\/site\/wp-content\/uploads\/2021\/05\/foto1_sessao8.png 301w, https:\/\/excellence.net.br\/site\/wp-content\/uploads\/2021\/05\/foto1_sessao8-212x300.png 212w\" sizes=\"auto, (max-width: 301px) 100vw, 301px\" \/><br \/>\n\t\t\t<a itemprop=\"url\" href=\"https:\/\/excellence.net.br\/site\/infraestrutura-e-solucoes\/\" target=\"_self\" style=\"\" rel=\"noopener\">Saiba Mais<\/a><br \/>\n\t\t\t\t\t\t\t\t\t\t\t\t\t\t\t<img decoding=\"async\" width=\"300\" height=\"417\" src=\"https:\/\/excellence.net.br\/site\/wp-content\/uploads\/2021\/05\/foto2_sessao8.png\" alt=\"\" loading=\"lazy\" srcset=\"https:\/\/excellence.net.br\/site\/wp-content\/uploads\/2021\/05\/foto2_sessao8.png 300w, https:\/\/excellence.net.br\/site\/wp-content\/uploads\/2021\/05\/foto2_sessao8-216x300.png 216w\" sizes=\"auto, (max-width: 300px) 100vw, 300px\" \/><br \/>\n\t\t\t<a itemprop=\"url\" href=\"https:\/\/excellence.net.br\/site\/infraestrutura-e-solucoes\/\" target=\"_self\" style=\"\" rel=\"noopener\">Saiba Mais<\/a><br \/>\n\t\t\t\t\t\t\t\t\t\t\t\t\t\t\t<img decoding=\"async\" width=\"300\" height=\"417\" src=\"https:\/\/excellence.net.br\/site\/wp-content\/uploads\/2021\/05\/foto3_sessao8.png\" alt=\"\" loading=\"lazy\" srcset=\"https:\/\/excellence.net.br\/site\/wp-content\/uploads\/2021\/05\/foto3_sessao8.png 300w, https:\/\/excellence.net.br\/site\/wp-content\/uploads\/2021\/05\/foto3_sessao8-216x300.png 216w\" sizes=\"auto, (max-width: 300px) 100vw, 300px\" \/><br \/>\n\t\t\t<a itemprop=\"url\" href=\"https:\/\/excellence.net.br\/site\/infraestrutura-e-solucoes\/\" target=\"_self\" style=\"\" rel=\"noopener\">Saiba Mais<\/a><br \/>\n\t\t\t\t\t\t\t\t\t\t\t\t\t\t\t<img decoding=\"async\" width=\"300\" height=\"419\" src=\"https:\/\/excellence.net.br\/site\/wp-content\/uploads\/2021\/05\/foto4_sessao8.png\" alt=\"\" loading=\"lazy\" srcset=\"https:\/\/excellence.net.br\/site\/wp-content\/uploads\/2021\/05\/foto4_sessao8.png 300w, https:\/\/excellence.net.br\/site\/wp-content\/uploads\/2021\/05\/foto4_sessao8-215x300.png 215w\" sizes=\"auto, (max-width: 300px) 100vw, 300px\" \/><br \/>\n\t\t\t<a itemprop=\"url\" href=\"https:\/\/excellence.net.br\/site\/infraestrutura-e-solucoes\/\" target=\"_self\" style=\"\" rel=\"noopener\">Saiba Mais<\/a>\t\t<\/p>\n<figure><img decoding=\"async\" src=\"https:\/\/excellence.net.br\/site\/wp-content\/uploads\/2021\/08\/bayard.png\" alt=\"bayard\" \/><\/figure>\n<figure><img decoding=\"async\" src=\"https:\/\/excellence.net.br\/site\/wp-content\/uploads\/2021\/08\/Colgate.png\" alt=\"Colgate\" \/><\/figure>\n<figure><img decoding=\"async\" src=\"https:\/\/excellence.net.br\/site\/wp-content\/uploads\/2021\/05\/logo1_carrossel.png\" alt=\"logo1_carrossel\" \/><\/figure>\n<figure><img decoding=\"async\" src=\"https:\/\/excellence.net.br\/site\/wp-content\/uploads\/2021\/08\/logo_metodo.png\" alt=\"logo_metodo\" \/><\/figure>\n<figure><img decoding=\"async\" src=\"https:\/\/excellence.net.br\/site\/wp-content\/uploads\/2021\/08\/Puma.png\" alt=\"Puma\" \/><\/figure>\n<figure><img decoding=\"async\" src=\"https:\/\/excellence.net.br\/site\/wp-content\/uploads\/2021\/08\/Santander.png\" alt=\"Santander\" \/><\/figure>\n<p>\t\t\t\t\t\tPrevious<br \/>\n\t\t\t\t\t\tNext<br \/>\n\t\t\t\t\t\t\t\t\t\t\t\t\t\t\t<img decoding=\"async\" width=\"124\" height=\"58\" src=\"https:\/\/excellence.net.br\/site\/wp-content\/uploads\/2021\/05\/dots.png\" alt=\"\" loading=\"lazy\" \/>\t\t\t\t\t\t\t\t\t\t\t\t\t\t\t<\/p>\n<h2 style=\"text-align: center;\">Entre em contato com a nossa equipe<\/h2>\n<h5 style=\"text-align: center;\">e saiba mais como podemos transformar seu projeto em realidade!<\/h5>\n<p>\t\t\t<a itemprop=\"url\" href=\"https:\/\/excellence.net.br\/site\/contato\/\" target=\"_self\" style=\"border-radius: 0px;-moz-border-radius: 0px;-webkit-border-radius: 0px; \" rel=\"noopener\">Clique aqui<\/a><\/p>\n","protected":false},"excerpt":{"rendered":"<p>[rev_slider alias=&#8221;home-slider-1&#8243; slidertitle=&#8221;Home Excellence&#8221;][\/rev_slider][rev_slider alias=&#8221;home-excellence-1&#8243; slidertitle=&#8221;Home Excellence Mobile&#8221;][\/rev_slider] Transformamos grandes ideias em realidade Somos uma empresa especializada em Comunica\u00e7\u00e3o Visual e estamos prontos para dar vida aos seus projetos. Com equipamentos de \u00faltima gera\u00e7\u00e3o, oferecemos solu\u00e7\u00f5es de impress\u00e3o em todos os formatos, al\u00e9m de uma&#8230;<\/p>\n","protected":false},"author":1,"featured_media":0,"parent":0,"menu_order":0,"comment_status":"closed","ping_status":"closed","template":"elementor_header_footer","meta":{"footnotes":""},"class_list":["post-6","page","type-page","status-publish","hentry"],"_links":{"self":[{"href":"https:\/\/excellence.net.br\/site\/wp-json\/wp\/v2\/pages\/6","targetHints":{"allow":["GET"]}}],"collection":[{"href":"https:\/\/excellence.net.br\/site\/wp-json\/wp\/v2\/pages"}],"about":[{"href":"https:\/\/excellence.net.br\/site\/wp-json\/wp\/v2\/types\/page"}],"author":[{"embeddable":true,"href":"https:\/\/excellence.net.br\/site\/wp-json\/wp\/v2\/users\/1"}],"replies":[{"embeddable":true,"href":"https:\/\/excellence.net.br\/site\/wp-json\/wp\/v2\/comments?post=6"}],"version-history":[{"count":142,"href":"https:\/\/excellence.net.br\/site\/wp-json\/wp\/v2\/pages\/6\/revisions"}],"predecessor-version":[{"id":1210,"href":"https:\/\/excellence.net.br\/site\/wp-json\/wp\/v2\/pages\/6\/revisions\/1210"}],"wp:attachment":[{"href":"https:\/\/excellence.net.br\/site\/wp-json\/wp\/v2\/media?parent=6"}],"curies":[{"name":"wp","href":"https:\/\/api.w.org\/{rel}","templated":true}]}}