{"id":725,"date":"2021-05-11T09:18:36","date_gmt":"2021-05-11T09:18:36","guid":{"rendered":"https:\/\/excellence.net.br\/site\/?page_id=725"},"modified":"2021-08-26T21:21:24","modified_gmt":"2021-08-26T21:21:24","slug":"quem-somos","status":"publish","type":"page","link":"https:\/\/excellence.net.br\/site\/quem-somos\/","title":{"rendered":"Quem Somos"},"content":{"rendered":"<h1 style=\"text-align: right;\">Quem somos<\/h1>\n<p>\t\t\t\t\t\t\t\t\t\t\t\t\t\t\t<img decoding=\"async\" width=\"96\" height=\"26\" src=\"https:\/\/excellence.net.br\/site\/wp-content\/uploads\/2021\/05\/Bolinhas_FUNDO_CLARO.png\" alt=\"\" loading=\"lazy\" \/>\t\t\t\t\t\t\t\t\t\t\t\t\t\t\t<\/p>\n<h1>Quem somos<\/h1>\n<p>\t\t\t\t\t\t\t\t\t\t\t\t\t\t\t<img decoding=\"async\" width=\"96\" height=\"26\" src=\"https:\/\/excellence.net.br\/site\/wp-content\/uploads\/2021\/05\/Bolinhas_FUNDO_ESCURO.png\" alt=\"\" loading=\"lazy\" \/>\t\t\t\t\t\t\t\t\t\t\t\t\t\t\t<\/p>\n<h2>10 anos de hist\u00f3ria,<br \/>sempre em constante evolu\u00e7\u00e3o<\/h2>\n<p>H\u00e1 mais de 10 anos come\u00e7amos nossa hist\u00f3ria no mercado de Comunica\u00e7\u00e3o Visual, de l\u00e1 para c\u00e1 crescemos, evolu\u00edmos e aprimoramos nossa atua\u00e7\u00e3o. Com foco nas necessidades do mercado, investimos em tecnologia sempre prezando pela qualidade da entrega final e do atendimento de nossos clientes.<\/p>\n<p>Hoje oferecemos uma s\u00e9rie de solu\u00e7\u00f5es que envolvem desde planejamento, m\u00eddia exterior, materiais para PDV, a\u00e7\u00f5es e merchandising, al\u00e9m de projetos especiais, desenhados de acordo com a necessidade de cada cliente.<\/p>\n<p>\t\t\t\t\t\t\t\t\t\t\t\t\t\t\t<img decoding=\"async\" width=\"221\" height=\"222\" src=\"https:\/\/excellence.net.br\/site\/wp-content\/uploads\/2021\/05\/icone1_sessao1.png\" alt=\"\" loading=\"lazy\" srcset=\"https:\/\/excellence.net.br\/site\/wp-content\/uploads\/2021\/05\/icone1_sessao1.png 221w, https:\/\/excellence.net.br\/site\/wp-content\/uploads\/2021\/05\/icone1_sessao1-150x150.png 150w\" sizes=\"auto, (max-width: 221px) 100vw, 221px\" \/>\t\t\t\t\t\t\t\t\t\t\t\t\t\t\t<\/p>\n<h5 style=\"text-align: center;\">Tecnologia em<br \/>Comunica\u00e7\u00e3o Visual<\/h5>\n<p>\t\t\t\t\t\t\t\t\t\t\t\t\t\t\t<img decoding=\"async\" width=\"218\" height=\"222\" src=\"https:\/\/excellence.net.br\/site\/wp-content\/uploads\/2021\/05\/icone2_sessao1.png\" alt=\"\" loading=\"lazy\" \/>\t\t\t\t\t\t\t\t\t\t\t\t\t\t\t<\/p>\n<h5 style=\"text-align: center;\">Compromisso<br \/>com a Excel\u00eancia<\/h5>\n<p>\t\t\t\t\t\t\t\t\t\t\t\t\t\t\t<img decoding=\"async\" width=\"220\" height=\"222\" src=\"https:\/\/excellence.net.br\/site\/wp-content\/uploads\/2021\/05\/icone3_sessao1.png\" alt=\"\" loading=\"lazy\" srcset=\"https:\/\/excellence.net.br\/site\/wp-content\/uploads\/2021\/05\/icone3_sessao1.png 220w, https:\/\/excellence.net.br\/site\/wp-content\/uploads\/2021\/05\/icone3_sessao1-150x150.png 150w\" sizes=\"auto, (max-width: 220px) 100vw, 220px\" \/>\t\t\t\t\t\t\t\t\t\t\t\t\t\t\t<\/p>\n<h5 style=\"text-align: center;\">Atendimento<br \/>Personalizado<\/h5>\n<h2>Tudo que voc\u00ea precisa para transformar grandes ideias em realidade, <strong>est\u00e1 na Excellence&#8230;<\/strong><\/h2>\n<p>\t\t\t\t\t\t\t\t\t\t\t\t\t\t\t<img decoding=\"async\" width=\"96\" height=\"26\" src=\"https:\/\/excellence.net.br\/site\/wp-content\/uploads\/2021\/05\/Bolinhas_FUNDO_ESCURO.png\" alt=\"\" loading=\"lazy\" \/><br \/>\n\t\t\t\t\t\t\t\t\tNR&#8217;s e Normas T\u00e9cnicas<br \/>\n\t\t\t\t\t\t\t\t\tSustentabilidade<br \/>\n\t\t\t\t\t\t\t\t\tNR&#8217;s e Normas T\u00e9cnicas<\/p>\n<table>\n<tbody>\n<tr>\n<td><img loading=\"lazy\" decoding=\"async\" src=\"https:\/\/excellence.net.br\/site\/wp-content\/uploads\/2021\/05\/icone_sessao4.png\" alt=\"\" width=\"129\" height=\"137\" \/><\/td>\n<td>\n<h2>NR&#8217;s e Normas T\u00e9cnicas<\/h2>\n<\/td>\n<\/tr>\n<\/tbody>\n<\/table>\n<p>Atendemos as principais normas t\u00e9cnicas exigidas pelo mercado<\/p>\n<ul>\n<li>ASO \u2013 Atestado de Sa\u00fade Ocupacional<\/li>\n<li>NR1 \u2013 Seguran\u00e7a e Medicina do Trabalho<\/li>\n<li>NR7 \u2013 Programa de Controle M\u00e9dico de Sa\u00fade Ocupacional \u2013 PCMSO<\/li>\n<li>NR9 \u2013 Programa de Preven\u00e7\u00e3o de Riscos Ambientais \u2013 PPRA<\/li>\n<li>NR18 \u2013 Condi\u00e7\u00f5es e Meio Ambiente de Trabalho na Ind\u00fastria da Constru\u00e7\u00e3o Civil<\/li>\n<li>NR35 \u2013 Treinamento para Trabalho em Altura<\/li>\n<\/ul>\n<p>\t\t\t\t\t\t\t\t\tSustentabilidade<\/p>\n<table>\n<tbody>\n<tr>\n<td><img loading=\"lazy\" decoding=\"async\" src=\"https:\/\/excellence.net.br\/site\/wp-content\/uploads\/2021\/05\/icone_sessao4.png\" alt=\"\" width=\"129\" height=\"137\" \/><\/td>\n<td>\n<h2>Sustentabilidade<\/h2>\n<\/td>\n<\/tr>\n<\/tbody>\n<\/table>\n<p>Compromisso com o que \u00e9 certo<\/p>\n<p>Investimos em processos ecologicamente corretos para minimizar os impactos de nossas a\u00e7\u00f5es no meio ambiente.<\/p>\n<p>Hoje, a maioria de nossas m\u00e1quinas s\u00e3o a base de \u00e1gua e n\u00e3o trabalham com nenhum tipo de solvente ou qu\u00edmico. Realizamos o descarte correto das sobras de tintas e materiais utilizados, sempre em parceria com coletores locais.<\/p>\n<h2>Frota Nova e Completa<\/h2>\n<p>\t\t\t\t\t\t\t\t\t\t\t\t\t\t\t<img decoding=\"async\" width=\"124\" height=\"58\" src=\"https:\/\/excellence.net.br\/site\/wp-content\/uploads\/2021\/05\/dots.png\" alt=\"\" loading=\"lazy\" \/>\t\t\t\t\t\t\t\t\t\t\t\t\t\t\t<\/p>\n<p>Contamos com ve\u00edculos novos e equipados para atender qualquer demanda de entrega ou instala\u00e7\u00e3o<\/p>\n<p>\t\t\t\t\t\t\t\t\t\t\t\t\t\t\t<img decoding=\"async\" width=\"1024\" height=\"268\" src=\"https:\/\/excellence.net.br\/site\/wp-content\/uploads\/2021\/05\/frota-1024x268.jpg\" alt=\"\" loading=\"lazy\" srcset=\"https:\/\/excellence.net.br\/site\/wp-content\/uploads\/2021\/05\/frota-1024x268.jpg 1024w, https:\/\/excellence.net.br\/site\/wp-content\/uploads\/2021\/05\/frota-300x78.jpg 300w, https:\/\/excellence.net.br\/site\/wp-content\/uploads\/2021\/05\/frota-768x201.jpg 768w, https:\/\/excellence.net.br\/site\/wp-content\/uploads\/2021\/05\/frota-1536x402.jpg 1536w, https:\/\/excellence.net.br\/site\/wp-content\/uploads\/2021\/05\/frota-700x183.jpg 700w, https:\/\/excellence.net.br\/site\/wp-content\/uploads\/2021\/05\/frota.jpg 1625w\" sizes=\"auto, (max-width: 1024px) 100vw, 1024px\" \/>\t\t\t\t\t\t\t\t\t\t\t\t\t\t\t<\/p>\n<h2 style=\"text-align: center;\">Conhe\u00e7a os projetos<br \/>que j\u00e1 realizamos<\/h2>\n<h5>\u00a0<\/h5>\n<h5 style=\"text-align: center;\">Acesse nosso portf\u00f3lio!<\/h5>\n<p>\t\t\t<a itemprop=\"url\" href=\"https:\/\/excellence.net.br\/site\/portfolio\/\" target=\"_self\" style=\"border-radius: 0px;-moz-border-radius: 0px;-webkit-border-radius: 0px; \" rel=\"noopener\">Clique aqui<\/a><\/p>\n","protected":false},"excerpt":{"rendered":"<p>Quem somos Quem somos 10 anos de hist\u00f3ria,sempre em constante evolu\u00e7\u00e3o H\u00e1 mais de 10 anos come\u00e7amos nossa hist\u00f3ria no mercado de Comunica\u00e7\u00e3o Visual, de l\u00e1 para c\u00e1 crescemos, evolu\u00edmos e aprimoramos nossa atua\u00e7\u00e3o. Com foco nas necessidades do mercado, investimos em tecnologia sempre prezando&#8230;<\/p>\n","protected":false},"author":1,"featured_media":0,"parent":0,"menu_order":0,"comment_status":"closed","ping_status":"closed","template":"elementor_header_footer","meta":{"footnotes":""},"class_list":["post-725","page","type-page","status-publish","hentry"],"_links":{"self":[{"href":"https:\/\/excellence.net.br\/site\/wp-json\/wp\/v2\/pages\/725","targetHints":{"allow":["GET"]}}],"collection":[{"href":"https:\/\/excellence.net.br\/site\/wp-json\/wp\/v2\/pages"}],"about":[{"href":"https:\/\/excellence.net.br\/site\/wp-json\/wp\/v2\/types\/page"}],"author":[{"embeddable":true,"href":"https:\/\/excellence.net.br\/site\/wp-json\/wp\/v2\/users\/1"}],"replies":[{"embeddable":true,"href":"https:\/\/excellence.net.br\/site\/wp-json\/wp\/v2\/comments?post=725"}],"version-history":[{"count":73,"href":"https:\/\/excellence.net.br\/site\/wp-json\/wp\/v2\/pages\/725\/revisions"}],"predecessor-version":[{"id":1236,"href":"https:\/\/excellence.net.br\/site\/wp-json\/wp\/v2\/pages\/725\/revisions\/1236"}],"wp:attachment":[{"href":"https:\/\/excellence.net.br\/site\/wp-json\/wp\/v2\/media?parent=725"}],"curies":[{"name":"wp","href":"https:\/\/api.w.org\/{rel}","templated":true}]}}