{"id":769,"date":"2021-05-11T10:32:05","date_gmt":"2021-05-11T10:32:05","guid":{"rendered":"https:\/\/excellence.net.br\/site\/?page_id=769"},"modified":"2021-05-31T20:10:24","modified_gmt":"2021-05-31T20:10:24","slug":"infraestrutura-e-solucoes","status":"publish","type":"page","link":"https:\/\/excellence.net.br\/site\/infraestrutura-e-solucoes\/","title":{"rendered":"Infraestrutura e Solu\u00e7\u00f5es"},"content":{"rendered":"<h1 style=\"text-align: left;\">Infraestrutura e Solu\u00e7\u00f5es<\/h1>\n<p>\t\t\t\t\t\t\t\t\t\t\t\t\t\t\t<img decoding=\"async\" width=\"96\" height=\"26\" src=\"https:\/\/excellence.net.br\/site\/wp-content\/uploads\/2021\/05\/Bolinhas_FUNDO_ESCURO.png\" alt=\"\" loading=\"lazy\" \/>\t\t\t\t\t\t\t\t\t\t\t\t\t\t\t<\/p>\n<h1 style=\"text-align: center;\">Infraestrtura e Solu\u00e7\u00f5es<\/h1>\n<p>\t\t\t\t\t\t\t\t\t\t\t\t\t\t\t<img decoding=\"async\" width=\"96\" height=\"26\" src=\"https:\/\/excellence.net.br\/site\/wp-content\/uploads\/2021\/05\/Bolinhas_FUNDO_ESCURO.png\" alt=\"\" loading=\"lazy\" \/>\t\t\t\t\t\t\t\t\t\t\t\t\t\t\t<\/p>\n<h2>Infraestrutura de ponta<br \/>para receber os seus projetos<\/h2>\n<p>Contamos com equipamentos de \u00faltima gera\u00e7\u00e3o que garantem qualidade no processo de produ\u00e7\u00e3o e alto n\u00edvel na entrega final, al\u00e9m de uma equipe capacitada, pronta para atender diferentes demandas.<\/p>\n<p>\t\t\t\t\t\t\t\t\t\t\t\t\t\t\t<img decoding=\"async\" width=\"549\" height=\"315\" src=\"https:\/\/excellence.net.br\/site\/wp-content\/uploads\/2021\/05\/imagem1_sessao1-Oce-Canon-Arizona.png\" alt=\"\" loading=\"lazy\" srcset=\"https:\/\/excellence.net.br\/site\/wp-content\/uploads\/2021\/05\/imagem1_sessao1-Oce-Canon-Arizona.png 549w, https:\/\/excellence.net.br\/site\/wp-content\/uploads\/2021\/05\/imagem1_sessao1-Oce-Canon-Arizona-300x172.png 300w, https:\/\/excellence.net.br\/site\/wp-content\/uploads\/2021\/05\/imagem1_sessao1-Oce-Canon-Arizona-345x198.png 345w\" sizes=\"auto, (max-width: 549px) 100vw, 549px\" \/>\t\t\t\t\t\t\t\t\t\t\t\t\t\t\t<\/p>\n<h5 style=\"text-align: left;\">Oc\u00e9 Canon Arizona 6170XTS<\/h5>\n<p style=\"text-align: left;\">Impress\u00e3o digital com tinta cur\u00e1vel UV, 6 cores + branco para materiais com at\u00e9 3,05 m x 2,50 m x 50 mm<\/p>\n<p>\t\t\t\t\t\t\t\t\t\t\t\t\t\t\t<img decoding=\"async\" width=\"549\" height=\"315\" src=\"https:\/\/excellence.net.br\/site\/wp-content\/uploads\/2021\/05\/imagem2_sessao1-Epson-Sure-Color.png\" alt=\"\" loading=\"lazy\" srcset=\"https:\/\/excellence.net.br\/site\/wp-content\/uploads\/2021\/05\/imagem2_sessao1-Epson-Sure-Color.png 549w, https:\/\/excellence.net.br\/site\/wp-content\/uploads\/2021\/05\/imagem2_sessao1-Epson-Sure-Color-300x172.png 300w, https:\/\/excellence.net.br\/site\/wp-content\/uploads\/2021\/05\/imagem2_sessao1-Epson-Sure-Color-345x198.png 345w\" sizes=\"auto, (max-width: 549px) 100vw, 549px\" \/>\t\t\t\t\t\t\t\t\t\t\t\t\t\t\t<\/p>\n<h5 style=\"text-align: left;\">Epson Sure Color F7200<\/h5>\n<p style=\"text-align: left;\">Impress\u00e3o digital com tinta sublim\u00e1tica para transfer\u00eancia em tecido<\/p>\n<p>\t\t\t\t\t\t\t\t\t\t\t\t\t\t\t<img decoding=\"async\" width=\"549\" height=\"315\" src=\"https:\/\/excellence.net.br\/site\/wp-content\/uploads\/2021\/05\/imagem3_sessao1-HP-Latex.png\" alt=\"\" loading=\"lazy\" srcset=\"https:\/\/excellence.net.br\/site\/wp-content\/uploads\/2021\/05\/imagem3_sessao1-HP-Latex.png 549w, https:\/\/excellence.net.br\/site\/wp-content\/uploads\/2021\/05\/imagem3_sessao1-HP-Latex-300x172.png 300w, https:\/\/excellence.net.br\/site\/wp-content\/uploads\/2021\/05\/imagem3_sessao1-HP-Latex-345x198.png 345w\" sizes=\"auto, (max-width: 549px) 100vw, 549px\" \/>\t\t\t\t\t\t\t\t\t\t\t\t\t\t\t<\/p>\n<h5 style=\"text-align: left;\">HP L\u00e1tex 570<\/h5>\n<p style=\"text-align: left;\">Impress\u00e3o digital com tinta l\u00e1tex \u00e0 base de \u00e1gua para materiais de at\u00e9 1,60 m de largura<\/p>\n<p>\t\t\t\t\t\t\t\t\t\t\t\t\t\t\t<img decoding=\"async\" width=\"549\" height=\"315\" src=\"https:\/\/excellence.net.br\/site\/wp-content\/uploads\/2021\/05\/imagem4_sessao1-Ampla-Targa-XT.png\" alt=\"\" loading=\"lazy\" srcset=\"https:\/\/excellence.net.br\/site\/wp-content\/uploads\/2021\/05\/imagem4_sessao1-Ampla-Targa-XT.png 549w, https:\/\/excellence.net.br\/site\/wp-content\/uploads\/2021\/05\/imagem4_sessao1-Ampla-Targa-XT-300x172.png 300w, https:\/\/excellence.net.br\/site\/wp-content\/uploads\/2021\/05\/imagem4_sessao1-Ampla-Targa-XT-345x198.png 345w\" sizes=\"auto, (max-width: 549px) 100vw, 549px\" \/>\t\t\t\t\t\t\t\t\t\t\t\t\t\t\t<\/p>\n<h5 style=\"text-align: left;\">Ampla Targa XT 3280<\/h5>\n<p>Impress\u00e3o digital para materiais com at\u00e9 3,20 m de largura<\/p>\n<p>\t\t\t\t\t\t\t\t\t\t\t\t\t\t\t<img decoding=\"async\" width=\"549\" height=\"315\" src=\"https:\/\/excellence.net.br\/site\/wp-content\/uploads\/2021\/05\/imagem5_sessao1-Calandra-Termica-Yguacu.png\" alt=\"\" loading=\"lazy\" srcset=\"https:\/\/excellence.net.br\/site\/wp-content\/uploads\/2021\/05\/imagem5_sessao1-Calandra-Termica-Yguacu.png 549w, https:\/\/excellence.net.br\/site\/wp-content\/uploads\/2021\/05\/imagem5_sessao1-Calandra-Termica-Yguacu-300x172.png 300w, https:\/\/excellence.net.br\/site\/wp-content\/uploads\/2021\/05\/imagem5_sessao1-Calandra-Termica-Yguacu-345x198.png 345w\" sizes=\"auto, (max-width: 549px) 100vw, 549px\" \/>\t\t\t\t\t\t\t\t\t\t\t\t\t\t\t<\/p>\n<h5 style=\"text-align: left;\">Calandra T\u00e9rmica Ygua\u00e7u Y1800<\/h5>\n<p>Transfer\u00eancia do papel sublim\u00e1tico para tecido com at\u00e9 160 m de largura<\/p>\n<p>\t\t\t\t\t\t\t\t\t\t\t\t\t\t\t<img decoding=\"async\" width=\"549\" height=\"315\" src=\"https:\/\/excellence.net.br\/site\/wp-content\/uploads\/2021\/05\/imagem6_sessao1-Esko-Kongsberg-X.png\" alt=\"\" loading=\"lazy\" srcset=\"https:\/\/excellence.net.br\/site\/wp-content\/uploads\/2021\/05\/imagem6_sessao1-Esko-Kongsberg-X.png 549w, https:\/\/excellence.net.br\/site\/wp-content\/uploads\/2021\/05\/imagem6_sessao1-Esko-Kongsberg-X-300x172.png 300w, https:\/\/excellence.net.br\/site\/wp-content\/uploads\/2021\/05\/imagem6_sessao1-Esko-Kongsberg-X-345x198.png 345w\" sizes=\"auto, (max-width: 549px) 100vw, 549px\" \/>\t\t\t\t\t\t\t\t\t\t\t\t\t\t\t<\/p>\n<h5 style=\"text-align: left;\">Esko Kongsberg X<\/h5>\n<p>Corte de materiais<\/p>\n<p>\t\t\t\t\t\t\t\t\t\t\t\t\t\t\t<img decoding=\"async\" width=\"549\" height=\"315\" src=\"https:\/\/excellence.net.br\/site\/wp-content\/uploads\/2021\/05\/imagem7_sessao1Mimiaki-CG.png\" alt=\"\" loading=\"lazy\" srcset=\"https:\/\/excellence.net.br\/site\/wp-content\/uploads\/2021\/05\/imagem7_sessao1Mimiaki-CG.png 549w, https:\/\/excellence.net.br\/site\/wp-content\/uploads\/2021\/05\/imagem7_sessao1Mimiaki-CG-300x172.png 300w, https:\/\/excellence.net.br\/site\/wp-content\/uploads\/2021\/05\/imagem7_sessao1Mimiaki-CG-345x198.png 345w\" sizes=\"auto, (max-width: 549px) 100vw, 549px\" \/>\t\t\t\t\t\t\t\t\t\t\t\t\t\t\t<\/p>\n<h5 style=\"text-align: left;\">Mimaki CG 130fxll<\/h5>\n<p>Plotter de recorte<\/p>\n<p>\t\t\t\t\t\t\t\t\t\t\t\t\t\t\t<img decoding=\"async\" width=\"549\" height=\"315\" src=\"https:\/\/excellence.net.br\/site\/wp-content\/uploads\/2021\/05\/imagem8_sessao1-Router-Rizon.png\" alt=\"\" loading=\"lazy\" srcset=\"https:\/\/excellence.net.br\/site\/wp-content\/uploads\/2021\/05\/imagem8_sessao1-Router-Rizon.png 549w, https:\/\/excellence.net.br\/site\/wp-content\/uploads\/2021\/05\/imagem8_sessao1-Router-Rizon-300x172.png 300w, https:\/\/excellence.net.br\/site\/wp-content\/uploads\/2021\/05\/imagem8_sessao1-Router-Rizon-345x198.png 345w\" sizes=\"auto, (max-width: 549px) 100vw, 549px\" \/>\t\t\t\t\t\t\t\t\t\t\t\t\t\t\t<\/p>\n<h5 style=\"text-align: left;\">Router Rizon CNC<\/h5>\n<p>Corte de materiais r\u00edgidos<\/p>\n<p>\t\t\t\t\t\t\t\t\t\t\t\t\t\t\t<img decoding=\"async\" width=\"549\" height=\"315\" src=\"https:\/\/excellence.net.br\/site\/wp-content\/uploads\/2021\/05\/imagem9_sessao1-Laser-Senfeg.png\" alt=\"\" loading=\"lazy\" srcset=\"https:\/\/excellence.net.br\/site\/wp-content\/uploads\/2021\/05\/imagem9_sessao1-Laser-Senfeg.png 549w, https:\/\/excellence.net.br\/site\/wp-content\/uploads\/2021\/05\/imagem9_sessao1-Laser-Senfeg-300x172.png 300w, https:\/\/excellence.net.br\/site\/wp-content\/uploads\/2021\/05\/imagem9_sessao1-Laser-Senfeg-345x198.png 345w\" sizes=\"auto, (max-width: 549px) 100vw, 549px\" \/>\t\t\t\t\t\t\t\t\t\t\t\t\t\t\t<\/p>\n<h5 style=\"text-align: left;\">Laser Senfeg SF 1610<\/h5>\n<p>Corte a laser de materiais<\/p>\n<p>\t\t\t\t\t\t\t\t\t\t\t\t\t\t\t<img decoding=\"async\" width=\"549\" height=\"316\" src=\"https:\/\/excellence.net.br\/site\/wp-content\/uploads\/2021\/05\/imagem10_sessao1-Dobradeira-VP.png\" alt=\"\" loading=\"lazy\" srcset=\"https:\/\/excellence.net.br\/site\/wp-content\/uploads\/2021\/05\/imagem10_sessao1-Dobradeira-VP.png 549w, https:\/\/excellence.net.br\/site\/wp-content\/uploads\/2021\/05\/imagem10_sessao1-Dobradeira-VP-300x173.png 300w, https:\/\/excellence.net.br\/site\/wp-content\/uploads\/2021\/05\/imagem10_sessao1-Dobradeira-VP-345x198.png 345w\" sizes=\"auto, (max-width: 549px) 100vw, 549px\" \/>\t\t\t\t\t\t\t\t\t\t\t\t\t\t\t<\/p>\n<h5 style=\"text-align: left;\">Dobradeira VP 2000<\/h5>\n<p>Dobra de acr\u00edlico e termopl\u00e1sticos<\/p>\n<p>\t\t\t\t\t\t\t\t\t\t\t\t\t\t\t<img decoding=\"async\" width=\"521\" height=\"444\" src=\"https:\/\/excellence.net.br\/site\/wp-content\/uploads\/2021\/05\/foto_sessao2.png\" alt=\"\" loading=\"lazy\" srcset=\"https:\/\/excellence.net.br\/site\/wp-content\/uploads\/2021\/05\/foto_sessao2.png 521w, https:\/\/excellence.net.br\/site\/wp-content\/uploads\/2021\/05\/foto_sessao2-300x256.png 300w\" sizes=\"auto, (max-width: 521px) 100vw, 521px\" \/>\t\t\t\t\t\t\t\t\t\t\t\t\t\t\t<\/p>\n<h2 style=\"text-align: left;\">Da concep\u00e7\u00e3o \u00e0 entrega<\/h2>\n<p style=\"text-align: left;\">Na Excellence voc\u00ea encontra espa\u00e7os completos que atendem diferentes etapas da cria\u00e7\u00e3o, montagem e entrega dos projetos.<\/p>\n<ul>\n<li style=\"text-align: left;\">Marcenaria<\/li>\n<li style=\"text-align: left;\">Serralheria<\/li>\n<li style=\"text-align: left;\">Cabine de Pintura<\/li>\n<\/ul>\n<h2 style=\"text-align: center;\">Oferecemos um atendimento personalizado <strong>desde o primeiro contato at\u00e9 a instala\u00e7\u00e3o&#8230;<\/strong><\/h2>\n<p>\t\t\t\t\t\t\t\t\t\t\t\t\t\t\t<img decoding=\"async\" width=\"96\" height=\"26\" src=\"https:\/\/excellence.net.br\/site\/wp-content\/uploads\/2021\/05\/Bolinhas_FUNDO_ESCURO.png\" alt=\"\" loading=\"lazy\" \/>\t\t\t\t\t\t\t\t\t\t\t\t\t\t\t<\/p>\n<h2 style=\"text-align: left;\">Nossas solu\u00e7\u00f5es atendem aos mais variados projetos<\/h2>\n<p><img loading=\"lazy\" decoding=\"async\" src=\"https:\/\/excellence.net.br\/site\/wp-content\/uploads\/2021\/05\/icone1_sessao4.png\" alt=\"\" width=\"228\" height=\"226\" \/><\/p>\n<h4>PDV<\/h4>\n<p>Crie materiais capazes de conquistar os consumidores e instigar a compra dos produtos no Ponto de Venda.<\/td>\n<p><img loading=\"lazy\" decoding=\"async\" src=\"https:\/\/excellence.net.br\/site\/wp-content\/uploads\/2021\/05\/icone2_sessao4.png\" alt=\"\" width=\"224\" height=\"226\" \/><\/p>\n<h4>Projetos Especiais<\/h4>\n<p>Contamos com toda a infraestrutura necess\u00e1ria para criar projetos encantadores e que fa\u00e7am a diferen\u00e7a na sua comunica\u00e7\u00e3o visual.<br \/>\n<img loading=\"lazy\" decoding=\"async\" src=\"https:\/\/excellence.net.br\/site\/wp-content\/uploads\/2021\/05\/icone3_sessao4.png\" alt=\"\" width=\"229\" height=\"232\" \/><\/p>\n<h4>Adesiva\u00e7\u00e3o<\/h4>\n<p>Produ\u00e7\u00e3o e instala\u00e7\u00e3o de adesiva\u00e7\u00e3o, planejados sob medida para valorizar ainda mais o seu projeto.<br \/>\n<img loading=\"lazy\" decoding=\"async\" src=\"https:\/\/excellence.net.br\/site\/wp-content\/uploads\/2021\/05\/Site-Excellence-INFRA_SOLUCOES_36.png\" alt=\"\" width=\"224\" height=\"232\" \/><\/p>\n<h4>Planejamento, Recorte e Instala\u00e7\u00e3o<\/h4>\n<p>Da cria\u00e7\u00e3o e maquin\u00e1rio \u00e0 frota de entrega e profissionais especializados, aqui voc\u00ea encontra tudo o que precisa para executar grandes projetos.<\/p>\n<h2 style=\"text-align: center;\">Vamos tirar seu<br \/>projeto do papel?<\/h2>\n<h5>\u00a0<\/h5>\n<h5 style=\"text-align: center;\">Entre em contato conosco e sabia<br \/>como podemos te ajudar.<\/h5>\n<p>\t\t\t<a itemprop=\"url\" href=\"https:\/\/excellence.net.br\/site\/contato\/\" target=\"_self\" style=\"border-radius: 0px;-moz-border-radius: 0px;-webkit-border-radius: 0px; \" rel=\"noopener\">Clique aqui<\/a><\/p>\n","protected":false},"excerpt":{"rendered":"<p>Infraestrutura e Solu\u00e7\u00f5es Infraestrtura e Solu\u00e7\u00f5es Infraestrutura de pontapara receber os seus projetos Contamos com equipamentos de \u00faltima gera\u00e7\u00e3o que garantem qualidade no processo de produ\u00e7\u00e3o e alto n\u00edvel na entrega final, al\u00e9m de uma equipe capacitada, pronta para atender diferentes demandas. Oc\u00e9 Canon Arizona&#8230;<\/p>\n","protected":false},"author":1,"featured_media":0,"parent":0,"menu_order":0,"comment_status":"closed","ping_status":"closed","template":"elementor_header_footer","meta":{"footnotes":""},"class_list":["post-769","page","type-page","status-publish","hentry"],"_links":{"self":[{"href":"https:\/\/excellence.net.br\/site\/wp-json\/wp\/v2\/pages\/769","targetHints":{"allow":["GET"]}}],"collection":[{"href":"https:\/\/excellence.net.br\/site\/wp-json\/wp\/v2\/pages"}],"about":[{"href":"https:\/\/excellence.net.br\/site\/wp-json\/wp\/v2\/types\/page"}],"author":[{"embeddable":true,"href":"https:\/\/excellence.net.br\/site\/wp-json\/wp\/v2\/users\/1"}],"replies":[{"embeddable":true,"href":"https:\/\/excellence.net.br\/site\/wp-json\/wp\/v2\/comments?post=769"}],"version-history":[{"count":46,"href":"https:\/\/excellence.net.br\/site\/wp-json\/wp\/v2\/pages\/769\/revisions"}],"predecessor-version":[{"id":1177,"href":"https:\/\/excellence.net.br\/site\/wp-json\/wp\/v2\/pages\/769\/revisions\/1177"}],"wp:attachment":[{"href":"https:\/\/excellence.net.br\/site\/wp-json\/wp\/v2\/media?parent=769"}],"curies":[{"name":"wp","href":"https:\/\/api.w.org\/{rel}","templated":true}]}}