{"id":872,"date":"2021-05-11T14:51:11","date_gmt":"2021-05-11T14:51:11","guid":{"rendered":"https:\/\/excellence.net.br\/site\/?page_id=872"},"modified":"2025-03-20T10:39:41","modified_gmt":"2025-03-20T13:39:41","slug":"contato","status":"publish","type":"page","link":"https:\/\/excellence.net.br\/site\/contato\/","title":{"rendered":"Contato"},"content":{"rendered":"<h1 style=\"text-align: left;\">Contato<\/h1>\n<p><img loading=\"lazy\" decoding=\"async\" src=\"https:\/\/excellence.net.br\/site\/wp-content\/uploads\/2021\/05\/Bolinhas_FUNDO_ESCURO.png\" alt=\"\" width=\"96\" height=\"26\" \/><\/p>\n<h1 style=\"text-align: center;\">Contato<\/h1>\n<p><img loading=\"lazy\" decoding=\"async\" src=\"https:\/\/excellence.net.br\/site\/wp-content\/uploads\/2021\/05\/Bolinhas_FUNDO_ESCURO.png\" alt=\"\" width=\"96\" height=\"26\" \/><\/p>\n<h2>Fale com a<br \/>\nnossa equipe<\/h2>\n<p>Veja como podemos te ajudar com as nossas solu\u00e7\u00f5es de Comunica\u00e7\u00e3o Visual.<\/p>\n<table>\n<tbody>\n<tr>\n<td><\/td>\n<td><\/td>\n<\/tr>\n<tr>\n<td><\/td>\n<td>(11) 3661-2005<\/td>\n<\/tr>\n<tr>\n<td><\/td>\n<td>marketing@excellence.net.br<\/td>\n<\/tr>\n<\/tbody>\n<\/table>\n<form action=\"\/pages\/excellence\/wp-admin\/admin-ajax.php#wpcf7-f885-o1\" method=\"post\" novalidate=\"novalidate\" data-status=\"init\"><input name=\"_wpcf7\" type=\"hidden\" value=\"885\" \/><br \/>\n<input name=\"_wpcf7_version\" type=\"hidden\" value=\"5.4.1\" \/><br \/>\n<input name=\"_wpcf7_locale\" type=\"hidden\" value=\"en_US\" \/><br \/>\n<input name=\"_wpcf7_unit_tag\" type=\"hidden\" value=\"wpcf7-f885-o1\" \/><br \/>\n<input name=\"_wpcf7_container_post\" type=\"hidden\" value=\"0\" \/><br \/>\n<input name=\"_wpcf7_posted_data_hash\" type=\"hidden\" value=\"\" \/><\/form>\n<p><label><input name=\"your-name\" size=\"40\" type=\"text\" value=\"\" placeholder=\"Nome *\" aria-required=\"true\" aria-invalid=\"false\" \/> <\/label><\/p>\n<p><label><input name=\"your-email\" size=\"40\" type=\"email\" value=\"\" placeholder=\"E-mail *\" aria-required=\"true\" aria-invalid=\"false\" \/> <\/label><\/p>\n<p><label><input name=\"your-tel\" size=\"40\" type=\"text\" value=\"\" placeholder=\"Telefone\" aria-invalid=\"false\" \/> <\/label><\/p>\n<p><label><textarea cols=\"40\" name=\"your-message\" rows=\"10\" placeholder=\"Deixe sua mensagem *\" aria-required=\"true\" aria-invalid=\"false\"><\/textarea> <\/label><\/p>\n<p><input type=\"submit\" value=\"Enviar\" \/><\/p>\n","protected":false},"excerpt":{"rendered":"<p>Contato Contato Fale com a nossa equipe Veja como podemos te ajudar com as nossas solu\u00e7\u00f5es de Comunica\u00e7\u00e3o Visual. (11) 3661-2005 marketing@excellence.net.br<\/p>\n","protected":false},"author":1,"featured_media":0,"parent":0,"menu_order":0,"comment_status":"closed","ping_status":"closed","template":"","meta":{"footnotes":""},"class_list":["post-872","page","type-page","status-publish","hentry"],"_links":{"self":[{"href":"https:\/\/excellence.net.br\/site\/wp-json\/wp\/v2\/pages\/872","targetHints":{"allow":["GET"]}}],"collection":[{"href":"https:\/\/excellence.net.br\/site\/wp-json\/wp\/v2\/pages"}],"about":[{"href":"https:\/\/excellence.net.br\/site\/wp-json\/wp\/v2\/types\/page"}],"author":[{"embeddable":true,"href":"https:\/\/excellence.net.br\/site\/wp-json\/wp\/v2\/users\/1"}],"replies":[{"embeddable":true,"href":"https:\/\/excellence.net.br\/site\/wp-json\/wp\/v2\/comments?post=872"}],"version-history":[{"count":60,"href":"https:\/\/excellence.net.br\/site\/wp-json\/wp\/v2\/pages\/872\/revisions"}],"predecessor-version":[{"id":1251,"href":"https:\/\/excellence.net.br\/site\/wp-json\/wp\/v2\/pages\/872\/revisions\/1251"}],"wp:attachment":[{"href":"https:\/\/excellence.net.br\/site\/wp-json\/wp\/v2\/media?parent=872"}],"curies":[{"name":"wp","href":"https:\/\/api.w.org\/{rel}","templated":true}]}}